{"id":102,"date":"2015-07-14T16:12:07","date_gmt":"2015-07-14T16:12:07","guid":{"rendered":"http:\/\/test.kriesi.at\/minimal-portfolio\/?page_id=102"},"modified":"2023-10-04T12:38:35","modified_gmt":"2023-10-04T15:38:35","slug":"home","status":"publish","type":"page","link":"https:\/\/tsacapital.com.br\/en\/","title":{"rendered":"Home"},"content":{"rendered":"<style type=\"text\/css\" data-created_by=\"avia_inline_auto\" id=\"style-css-av-lm85a9sc-14627f9df132142d8c9e2b2c51bec66e\">\n.avia-section.av-lm85a9sc-14627f9df132142d8c9e2b2c51bec66e .av-section-color-overlay{\nopacity:1;\nbackground-color:#002860;\n}\n<\/style>\n<div id='animate-area'  class='avia-section av-lm85a9sc-14627f9df132142d8c9e2b2c51bec66e main_color avia-section-default avia-no-border-styling  avia-builder-el-0  el_before_av_section  avia-builder-el-first  avia-bg-style-scroll av-section-color-overlay-active av-minimum-height av-minimum-height-100 av-height-100  container_wrap fullsize'   data-av_minimum_height_pc='100' data-av_min_height_opt='100'><div class=\"av-section-color-overlay-wrap\"><div class=\"av-section-color-overlay\"><\/div><div class='container av-section-cont-open' ><main  role=\"main\" itemprop=\"mainContentOfPage\"  class='template-page content  av-content-full alpha units'><div class='post-entry post-entry-type-page post-entry-102'><div class='entry-content-wrapper clearfix'>\n\n<style type=\"text\/css\" data-created_by=\"avia_inline_auto\" id=\"style-css-av-lm85b9wz-69aecddfcc6f603a25cf1883f0ef7751\">\n.avia-content-slider-element-container.av-lm85b9wz-69aecddfcc6f603a25cf1883f0ef7751{\ncolor:#ffffff;\n}\n.avia-content-slider-element-container.av-lm85b9wz-69aecddfcc6f603a25cf1883f0ef7751 .slide-entry{\nmargin:0 0 0 0;\npadding:0 0 0 0;\n}\n<\/style>\n<div  class='avia-content-slider-element-container av-lm85b9wz-69aecddfcc6f603a25cf1883f0ef7751 avia-content-slider-element-slider avia-content-slider avia-smallarrow-slider avia-content-slider-active avia-content-slider-odd  avia-builder-el-1  avia-builder-el-no-sibling  av-slideshow-ui av-control-hidden av-nav-arrows-visible av-nav-dots-visible av-no-slider-navigation av-hide-nav-arrows av-slideshow-autoplay av-loop-endless av-loop-manual-endless av_inherit_color avia-content-slider1' data-slideshow-options=\"{&quot;animation&quot;:&quot;slide&quot;,&quot;autoplay&quot;:true,&quot;loop_autoplay&quot;:&quot;endless&quot;,&quot;interval&quot;:4,&quot;loop_manual&quot;:&quot;manual-endless&quot;,&quot;autoplay_stopper&quot;:false,&quot;noNavigation&quot;:true,&quot;bg_slider&quot;:false,&quot;keep_padding&quot;:&quot;&quot;,&quot;hoverpause&quot;:false,&quot;show_slide_delay&quot;:30}\"><div class='avia-smallarrow-slider-heading  no-content-slider-heading'><div class='new-special-heading'>&nbsp;<\/div><\/div><div class=\"avia-content-slider-inner\"><div class=\"slide-entry-wrap\"><section class='slide-entry av-lm85b9gf-7907450a0739e56dbbb92643220f0fd0 flex_column av_fullwidth post-entry slide-entry-overview slide-loop-1 slide-parity-odd  first'  itemscope=\"itemscope\" itemtype=\"https:\/\/schema.org\/CreativeWork\" ><div class='slide-entry-excerpt entry-content'  itemprop=\"text\" ><p>Strategic prepartion<br \/>\n<em><strong>para o sucesso nas fus\u00f5es e aquisi\u00e7\u00f5es<\/strong><\/em><\/p>\n<\/div><\/section><\/div><div class=\"slide-entry-wrap\"><section class='slide-entry av-lm85bt33-746e9839b5d141cbf4fc2e102dc44371 flex_column av_fullwidth post-entry slide-entry-overview slide-loop-2 slide-parity-odd  first'  itemscope=\"itemscope\" itemtype=\"https:\/\/schema.org\/CreativeWork\" ><div class='slide-entry-excerpt entry-content'  itemprop=\"text\" ><p>Ao lado de nossos clientes<br \/>\n<em><strong>em todas as etapas da transa\u00e7\u00e3o<\/strong><\/em><\/p>\n<\/div><\/section><\/div><div class=\"slide-entry-wrap\"><section class='slide-entry av-lm85bt33-4-82cd6ae1ccc2b54c6899f14ed1b83171 flex_column av_fullwidth post-entry slide-entry-overview slide-loop-3 slide-parity-odd  post-entry-last  first'  itemscope=\"itemscope\" itemtype=\"https:\/\/schema.org\/CreativeWork\" ><div class='slide-entry-excerpt entry-content'  itemprop=\"text\" ><p>S\u00f3cios com vasta experi\u00eancia<br \/>\n<em><strong>e conex\u00f5es consolidadas no mercado<\/strong><\/em><\/p>\n<\/div><\/section><\/div><\/div><\/div>\n\n<\/div><\/div><\/main><!-- close content main element --><\/div><\/div><\/div>\n<style type=\"text\/css\" data-created_by=\"avia_inline_auto\" id=\"style-css-av-qet8u-b74a6ccb220aa68519a775a5e06e1f38\">\n.avia-section.av-qet8u-b74a6ccb220aa68519a775a5e06e1f38{\nbackground-color:#ffffff;\nbackground:linear-gradient( to bottom, #ffffff, #e3e5e4 );\nmargin-top:0px;\nmargin-bottom:0px;\n}\n<\/style>\n<div id='av_section_2'  class='avia-section av-qet8u-b74a6ccb220aa68519a775a5e06e1f38 main_color avia-section-large avia-no-border-styling  avia-builder-el-2  el_after_av_section  el_before_av_slideshow_full  quem-somos avia-bg-style-scroll container_wrap fullsize'  ><div class='container av-section-cont-open' ><div class='template-page content  av-content-full alpha units'><div class='post-entry post-entry-type-page post-entry-102'><div class='entry-content-wrapper clearfix'>\n<div  class='flex_column av-yssdy-4fea7873b9ae81a1517de65866c5969e av_one_full  avia-builder-el-3  avia-builder-el-no-sibling  first flex_column_div'     ><p>\n<style type=\"text\/css\" data-created_by=\"avia_inline_auto\" id=\"style-css-av-14g98e-5706f09b51f9fefd0a430a54c1087fe3\">\n#top .av-special-heading.av-14g98e-5706f09b51f9fefd0a430a54c1087fe3{\nmargin:0 0 0 0;\npadding-bottom:30px;\nfont-size:50px;\n}\nbody .av-special-heading.av-14g98e-5706f09b51f9fefd0a430a54c1087fe3 .av-special-heading-tag .heading-char{\nfont-size:25px;\n}\n#top #wrap_all .av-special-heading.av-14g98e-5706f09b51f9fefd0a430a54c1087fe3 .av-special-heading-tag{\nfont-size:50px;\n}\n.av-special-heading.av-14g98e-5706f09b51f9fefd0a430a54c1087fe3 .av-subheading{\nfont-size:30px;\n}\n\n@media only screen and (max-width: 479px){ \n#top .av-special-heading.av-14g98e-5706f09b51f9fefd0a430a54c1087fe3{\npadding-bottom:10px;\n}\n#top #wrap_all .av-special-heading.av-14g98e-5706f09b51f9fefd0a430a54c1087fe3 .av-special-heading-tag{\nfont-size:0.8em;\n}\n}\n\n@media only screen and (min-width: 480px) and (max-width: 767px){ \n#top #wrap_all .av-special-heading.av-14g98e-5706f09b51f9fefd0a430a54c1087fe3 .av-special-heading-tag{\nfont-size:0.8em;\n}\n}\n<\/style>\n<div  class='av-special-heading av-14g98e-5706f09b51f9fefd0a430a54c1087fe3 av-special-heading-h3 blockquote modern-quote modern-centered  avia-builder-el-4  el_before_av_textblock  avia-builder-el-first  negrito av-inherit-size'><h3 class='av-special-heading-tag'  itemprop=\"headline\"  >QUEM SOMOS<\/h3><div class=\"special-heading-border\"><div class=\"special-heading-inner-border\"><\/div><\/div><\/div><br \/>\n<section  class='av_textblock_section av-jgfdunv8-a0bfa0d2abcfe3a929f9550eca34ba41'   itemscope=\"itemscope\" itemtype=\"https:\/\/schema.org\/CreativeWork\" ><div class='avia_textblock'  itemprop=\"text\" ><p style=\"text-align: center;\">A TSA Capital surgiu como uma parceira da TSA Advogados para atender \u00e0s necessidades de clientes em busca de solu\u00e7\u00f5es de neg\u00f3cios, especialmente na \u00e1rea financeira, mantendo o padr\u00e3o de qualidade oferecido em nossa assessoria jur\u00eddica.<\/p>\n<p style=\"text-align: center;\">Com duas d\u00e9cadas de experi\u00eancia junto a algumas das principais empresas do Brasil, temos um forte compromisso em entender e apoiar nossos clientes em todas as fases, desde o desenvolvimento da estrat\u00e9gia at\u00e9 a execu\u00e7\u00e3o, sempre com foco em agregar valor para nossos clientes, empregando uma abordagem multidisciplinar em todas as nossas iniciativas.<\/p>\n<\/div><\/section><\/p><\/div><\/div><\/div><\/div><!-- close content main div --><\/div><\/div><div id='full_slider_1'  class='avia-fullwidth-slider main_color avia-shadow av-small-hide av-mini-hide  avia-builder-el-6  el_after_av_section  el_before_av_slideshow_full   slider-not-first container_wrap fullsize'  ><div  class='avia-slideshow av-lmfeia56-b657414e7240974e691a7a02d72e57a0 avia-slideshow-no scaling av_slideshow_full avia-slide-slider av-small-hide av-mini-hide av-slideshow-ui av-control-default av-nav-arrows-visible av-nav-dots-visible av-slideshow-autoplay av-loop-endless av-loop-manual-endless av-default-height-applied   avia-slideshow-1' data-slideshow-options=\"{&quot;animation&quot;:&quot;slide&quot;,&quot;autoplay&quot;:true,&quot;loop_autoplay&quot;:&quot;endless&quot;,&quot;interval&quot;:4,&quot;loop_manual&quot;:&quot;manual-endless&quot;,&quot;autoplay_stopper&quot;:false,&quot;noNavigation&quot;:false,&quot;bg_slider&quot;:false,&quot;keep_padding&quot;:false,&quot;hoverpause&quot;:false,&quot;show_slide_delay&quot;:0}\"  itemprop=\"image\" itemscope=\"itemscope\" itemtype=\"https:\/\/schema.org\/ImageObject\" ><ul class='avia-slideshow-inner' style='padding-bottom: 27.932960893855%;'><li  class='avia-slideshow-slide av-lmfeia56-b657414e7240974e691a7a02d72e57a0__0  slide-1 slide-odd'><a href=\"https:\/\/tsacapital.com.br\/en\/mergers-and-acquisitions\/\"  data-rel='slideshow-1' class='avia-slide-wrap'   ><img decoding=\"async\" class=\"wp-image-1755 avia-img-lazy-loading-not-1755\"  src=\"https:\/\/tsacapital.com.br\/wp-content\/uploads\/2023\/09\/MA.jpg\" width=\"1790\" height=\"500\" title='M&amp;A' alt=''  itemprop=\"thumbnailUrl\" srcset=\"https:\/\/tsacapital.com.br\/wp-content\/uploads\/2023\/09\/MA.jpg 1790w, https:\/\/tsacapital.com.br\/wp-content\/uploads\/2023\/09\/MA-300x84.jpg 300w, https:\/\/tsacapital.com.br\/wp-content\/uploads\/2023\/09\/MA-1030x288.jpg 1030w, https:\/\/tsacapital.com.br\/wp-content\/uploads\/2023\/09\/MA-768x215.jpg 768w, https:\/\/tsacapital.com.br\/wp-content\/uploads\/2023\/09\/MA-1536x429.jpg 1536w, https:\/\/tsacapital.com.br\/wp-content\/uploads\/2023\/09\/MA-1500x419.jpg 1500w, https:\/\/tsacapital.com.br\/wp-content\/uploads\/2023\/09\/MA-705x197.jpg 705w\" sizes=\"(max-width: 1790px) 100vw, 1790px\" \/><\/a><\/li><li  class='avia-slideshow-slide av-lmfeia56-b657414e7240974e691a7a02d72e57a0__1  slide-2 slide-even'><a href=\"https:\/\/tsacapital.com.br\/en\/solucoes\/#consultoria\"  data-rel='slideshow-1' class='avia-slide-wrap'   ><img decoding=\"async\" class=\"wp-image-1756 avia-img-lazy-loading-not-1756\"  src=\"https:\/\/tsacapital.com.br\/wp-content\/uploads\/2023\/09\/Consultoria-Estrategica.jpg\" width=\"1790\" height=\"500\" title='Consultoria-Estrategica' alt=''  itemprop=\"thumbnailUrl\" srcset=\"https:\/\/tsacapital.com.br\/wp-content\/uploads\/2023\/09\/Consultoria-Estrategica.jpg 1790w, https:\/\/tsacapital.com.br\/wp-content\/uploads\/2023\/09\/Consultoria-Estrategica-300x84.jpg 300w, https:\/\/tsacapital.com.br\/wp-content\/uploads\/2023\/09\/Consultoria-Estrategica-1030x288.jpg 1030w, https:\/\/tsacapital.com.br\/wp-content\/uploads\/2023\/09\/Consultoria-Estrategica-768x215.jpg 768w, https:\/\/tsacapital.com.br\/wp-content\/uploads\/2023\/09\/Consultoria-Estrategica-1536x429.jpg 1536w, https:\/\/tsacapital.com.br\/wp-content\/uploads\/2023\/09\/Consultoria-Estrategica-1500x419.jpg 1500w, https:\/\/tsacapital.com.br\/wp-content\/uploads\/2023\/09\/Consultoria-Estrategica-705x197.jpg 705w\" sizes=\"(max-width: 1790px) 100vw, 1790px\" \/><\/a><\/li><li  class='avia-slideshow-slide av-lmfeia56-b657414e7240974e691a7a02d72e57a0__2  slide-3 slide-odd'><a href=\"https:\/\/tsacapital.com.br\/en\/solucoes\/#captacao\"  data-rel='slideshow-1' class='avia-slide-wrap'   ><img decoding=\"async\" class=\"wp-image-1754 avia-img-lazy-loading-not-1754\"  src=\"https:\/\/tsacapital.com.br\/wp-content\/uploads\/2023\/09\/Captacao-de-Recursos.jpg\" width=\"1790\" height=\"500\" title='Capta\u00e7\u00e3o-de-Recursos' alt=''  itemprop=\"thumbnailUrl\" srcset=\"https:\/\/tsacapital.com.br\/wp-content\/uploads\/2023\/09\/Captacao-de-Recursos.jpg 1790w, https:\/\/tsacapital.com.br\/wp-content\/uploads\/2023\/09\/Captacao-de-Recursos-300x84.jpg 300w, https:\/\/tsacapital.com.br\/wp-content\/uploads\/2023\/09\/Captacao-de-Recursos-1030x288.jpg 1030w, https:\/\/tsacapital.com.br\/wp-content\/uploads\/2023\/09\/Captacao-de-Recursos-768x215.jpg 768w, https:\/\/tsacapital.com.br\/wp-content\/uploads\/2023\/09\/Captacao-de-Recursos-1536x429.jpg 1536w, https:\/\/tsacapital.com.br\/wp-content\/uploads\/2023\/09\/Captacao-de-Recursos-1500x419.jpg 1500w, https:\/\/tsacapital.com.br\/wp-content\/uploads\/2023\/09\/Captacao-de-Recursos-705x197.jpg 705w\" sizes=\"(max-width: 1790px) 100vw, 1790px\" \/><\/a><\/li><li  class='avia-slideshow-slide av-lmfeia56-b657414e7240974e691a7a02d72e57a0__3  slide-4 slide-even'><a href=\"https:\/\/tsacapital.com.br\/en\/solucoes\/#legal\"  data-rel='slideshow-1' class='avia-slide-wrap'   ><img decoding=\"async\" class=\"wp-image-1757 avia-img-lazy-loading-not-1757\"  src=\"https:\/\/tsacapital.com.br\/wp-content\/uploads\/2023\/09\/legal-advisor.jpg\" width=\"1790\" height=\"500\" title='legal-advisor' alt=''  itemprop=\"thumbnailUrl\" srcset=\"https:\/\/tsacapital.com.br\/wp-content\/uploads\/2023\/09\/legal-advisor.jpg 1790w, https:\/\/tsacapital.com.br\/wp-content\/uploads\/2023\/09\/legal-advisor-300x84.jpg 300w, https:\/\/tsacapital.com.br\/wp-content\/uploads\/2023\/09\/legal-advisor-1030x288.jpg 1030w, https:\/\/tsacapital.com.br\/wp-content\/uploads\/2023\/09\/legal-advisor-768x215.jpg 768w, https:\/\/tsacapital.com.br\/wp-content\/uploads\/2023\/09\/legal-advisor-1536x429.jpg 1536w, https:\/\/tsacapital.com.br\/wp-content\/uploads\/2023\/09\/legal-advisor-1500x419.jpg 1500w, https:\/\/tsacapital.com.br\/wp-content\/uploads\/2023\/09\/legal-advisor-705x197.jpg 705w\" sizes=\"(max-width: 1790px) 100vw, 1790px\" \/><\/a><\/li><\/ul><div class='avia-slideshow-arrows avia-slideshow-controls' ><a href='#prev' class='prev-slide' aria-hidden='true' data-av_icon='\ue87c' data-av_iconfont='entypo-fontello'  tabindex='-1'>Previous<\/a><a href='#next' class='next-slide' aria-hidden='true' data-av_icon='\ue87d' data-av_iconfont='entypo-fontello'  tabindex='-1'>Next<\/a><\/div><div class='avia-slideshow-dots avia-slideshow-controls'><a href='#1' class='goto-slide active' >1<\/a><a href='#2' class='goto-slide' >2<\/a><a href='#3' class='goto-slide' >3<\/a><a href='#4' class='goto-slide' >4<\/a><\/div><\/div><\/div><\/p>\n<div id='full_slider_2'  class='avia-fullwidth-slider main_color avia-shadow av-desktop-hide av-medium-hide  avia-builder-el-7  el_after_av_slideshow_full  avia-builder-el-last   slider-not-first container_wrap fullsize'  ><div  class='avia-slideshow av-lmfejugr-2a8b6de450c056de5a7ee24c9e0e1e20 avia-slideshow-no scaling av_slideshow_full avia-slide-slider av-desktop-hide av-medium-hide av-slideshow-ui av-control-default av-nav-arrows-visible av-nav-dots-visible av-slideshow-autoplay av-loop-endless av-loop-manual-endless av-default-height-applied   avia-slideshow-2' data-slideshow-options=\"{&quot;animation&quot;:&quot;slide&quot;,&quot;autoplay&quot;:true,&quot;loop_autoplay&quot;:&quot;endless&quot;,&quot;interval&quot;:4,&quot;loop_manual&quot;:&quot;manual-endless&quot;,&quot;autoplay_stopper&quot;:false,&quot;noNavigation&quot;:false,&quot;bg_slider&quot;:false,&quot;keep_padding&quot;:false,&quot;hoverpause&quot;:false,&quot;show_slide_delay&quot;:0}\"  itemprop=\"image\" itemscope=\"itemscope\" itemtype=\"https:\/\/schema.org\/ImageObject\" ><ul class='avia-slideshow-inner' style='padding-bottom: 60.625%;'><li  class='avia-slideshow-slide av-lmfejugr-2a8b6de450c056de5a7ee24c9e0e1e20__0  slide-1 slide-odd'><a href=\"https:\/\/tsacapital.com.br\/en\/mergers-and-acquisitions\/\"  data-rel='slideshow-2' class='avia-slide-wrap'   ><img decoding=\"async\" class=\"wp-image-2461 avia-img-lazy-loading-not-2461\"  src=\"https:\/\/tsacapital.com.br\/wp-content\/uploads\/2023\/09\/Captacao-de-Recursos-1.jpg\" width=\"800\" height=\"485\" title='Capta\u00e7\u00e3o-de-Recursos' alt=''  itemprop=\"thumbnailUrl\" srcset=\"https:\/\/tsacapital.com.br\/wp-content\/uploads\/2023\/09\/Captacao-de-Recursos-1.jpg 800w, https:\/\/tsacapital.com.br\/wp-content\/uploads\/2023\/09\/Captacao-de-Recursos-1-300x182.jpg 300w, https:\/\/tsacapital.com.br\/wp-content\/uploads\/2023\/09\/Captacao-de-Recursos-1-768x466.jpg 768w, https:\/\/tsacapital.com.br\/wp-content\/uploads\/2023\/09\/Captacao-de-Recursos-1-705x427.jpg 705w\" sizes=\"(max-width: 800px) 100vw, 800px\" \/><\/a><\/li><li  class='avia-slideshow-slide av-lmfejugr-2a8b6de450c056de5a7ee24c9e0e1e20__1  slide-2 slide-even'><a href=\"https:\/\/tsacapital.com.br\/en\/solucoes\/#consultoria\"  data-rel='slideshow-2' class='avia-slide-wrap'   ><img decoding=\"async\" class=\"wp-image-2460 avia-img-lazy-loading-not-2460\"  src=\"https:\/\/tsacapital.com.br\/wp-content\/uploads\/2023\/09\/Consultoria-Estrategica-1.jpg\" width=\"800\" height=\"485\" title='Consultoria-Estrategica' alt=''  itemprop=\"thumbnailUrl\" srcset=\"https:\/\/tsacapital.com.br\/wp-content\/uploads\/2023\/09\/Consultoria-Estrategica-1.jpg 800w, https:\/\/tsacapital.com.br\/wp-content\/uploads\/2023\/09\/Consultoria-Estrategica-1-300x182.jpg 300w, https:\/\/tsacapital.com.br\/wp-content\/uploads\/2023\/09\/Consultoria-Estrategica-1-768x466.jpg 768w, https:\/\/tsacapital.com.br\/wp-content\/uploads\/2023\/09\/Consultoria-Estrategica-1-705x427.jpg 705w\" sizes=\"(max-width: 800px) 100vw, 800px\" \/><\/a><\/li><li  class='avia-slideshow-slide av-lmfejugr-2a8b6de450c056de5a7ee24c9e0e1e20__2  slide-3 slide-odd'><a href=\"https:\/\/tsacapital.com.br\/en\/solucoes\/#captacao\"  data-rel='slideshow-2' class='avia-slide-wrap'   ><img decoding=\"async\" class=\"wp-image-2459 avia-img-lazy-loading-not-2459\"  src=\"https:\/\/tsacapital.com.br\/wp-content\/uploads\/2023\/09\/MA-1.jpg\" width=\"800\" height=\"485\" title='M&amp;A' alt=''  itemprop=\"thumbnailUrl\" srcset=\"https:\/\/tsacapital.com.br\/wp-content\/uploads\/2023\/09\/MA-1.jpg 800w, https:\/\/tsacapital.com.br\/wp-content\/uploads\/2023\/09\/MA-1-300x182.jpg 300w, https:\/\/tsacapital.com.br\/wp-content\/uploads\/2023\/09\/MA-1-768x466.jpg 768w, https:\/\/tsacapital.com.br\/wp-content\/uploads\/2023\/09\/MA-1-705x427.jpg 705w\" sizes=\"(max-width: 800px) 100vw, 800px\" \/><\/a><\/li><li  class='avia-slideshow-slide av-lmfejugr-2a8b6de450c056de5a7ee24c9e0e1e20__3  slide-4 slide-even'><a href=\"https:\/\/tsacapital.com.br\/en\/solucoes\/#legal\"  data-rel='slideshow-2' class='avia-slide-wrap'   ><img decoding=\"async\" class=\"wp-image-2458 avia-img-lazy-loading-not-2458\"  src=\"https:\/\/tsacapital.com.br\/wp-content\/uploads\/2023\/09\/legal-advisor-1.jpg\" width=\"800\" height=\"485\" title='legal-advisor' alt=''  itemprop=\"thumbnailUrl\" srcset=\"https:\/\/tsacapital.com.br\/wp-content\/uploads\/2023\/09\/legal-advisor-1.jpg 800w, https:\/\/tsacapital.com.br\/wp-content\/uploads\/2023\/09\/legal-advisor-1-300x182.jpg 300w, https:\/\/tsacapital.com.br\/wp-content\/uploads\/2023\/09\/legal-advisor-1-768x466.jpg 768w, https:\/\/tsacapital.com.br\/wp-content\/uploads\/2023\/09\/legal-advisor-1-705x427.jpg 705w\" sizes=\"(max-width: 800px) 100vw, 800px\" \/><\/a><\/li><\/ul><div class='avia-slideshow-arrows avia-slideshow-controls' ><a href='#prev' class='prev-slide' aria-hidden='true' data-av_icon='\ue87c' data-av_iconfont='entypo-fontello'  tabindex='-1'>Previous<\/a><a href='#next' class='next-slide' aria-hidden='true' data-av_icon='\ue87d' data-av_iconfont='entypo-fontello'  tabindex='-1'>Next<\/a><\/div><div class='avia-slideshow-dots avia-slideshow-controls'><a href='#1' class='goto-slide active' >1<\/a><a href='#2' class='goto-slide' >2<\/a><a href='#3' class='goto-slide' >3<\/a><a href='#4' class='goto-slide' >4<\/a><\/div><\/div><\/div>","protected":false},"excerpt":{"rendered":"","protected":false},"author":1,"featured_media":0,"parent":0,"menu_order":0,"comment_status":"open","ping_status":"closed","template":"","meta":{"footnotes":""},"_links":{"self":[{"href":"https:\/\/tsacapital.com.br\/en\/wp-json\/wp\/v2\/pages\/102"}],"collection":[{"href":"https:\/\/tsacapital.com.br\/en\/wp-json\/wp\/v2\/pages"}],"about":[{"href":"https:\/\/tsacapital.com.br\/en\/wp-json\/wp\/v2\/types\/page"}],"author":[{"embeddable":true,"href":"https:\/\/tsacapital.com.br\/en\/wp-json\/wp\/v2\/users\/1"}],"replies":[{"embeddable":true,"href":"https:\/\/tsacapital.com.br\/en\/wp-json\/wp\/v2\/comments?post=102"}],"version-history":[{"count":0,"href":"https:\/\/tsacapital.com.br\/en\/wp-json\/wp\/v2\/pages\/102\/revisions"}],"wp:attachment":[{"href":"https:\/\/tsacapital.com.br\/en\/wp-json\/wp\/v2\/media?parent=102"}],"curies":[{"name":"wp","href":"https:\/\/api.w.org\/{rel}","templated":true}]}}